{"id":940,"date":"2026-02-19T09:39:23","date_gmt":"2026-02-19T09:39:23","guid":{"rendered":"https:\/\/gocotour.es\/?page_id=940"},"modified":"2026-02-19T16:44:03","modified_gmt":"2026-02-19T16:44:03","slug":"presupuesto","status":"publish","type":"page","link":"https:\/\/gocotour.es\/en\/presupuesto\/","title":{"rendered":"Budget"},"content":{"rendered":"<div data-elementor-type=\"wp-page\" data-elementor-id=\"940\" class=\"elementor elementor-940\" data-elementor-post-type=\"page\">\n\t\t\t\t<div class=\"elementor-element elementor-element-71c37cc e-flex e-con-boxed e-con e-parent\" data-id=\"71c37cc\" data-element_type=\"container\">\n\t\t\t\t\t<div class=\"e-con-inner\">\n\t\t<div class=\"elementor-element elementor-element-3133267 e-con-full e-flex e-con e-child\" data-id=\"3133267\" data-element_type=\"container\">\n\t\t\t\t<div class=\"elementor-element elementor-element-370025a elementor-widget__width-initial elementor-widget elementor-widget-heading\" data-id=\"370025a\" data-element_type=\"widget\" data-widget_type=\"heading.default\">\n\t\t\t\t<div class=\"elementor-widget-container\">\n\t\t\t\t\t<h1 class=\"elementor-heading-title elementor-size-default\">Request a quote<\/h1>\t\t\t\t<\/div>\n\t\t\t\t<\/div>\n\t\t\t\t<div class=\"elementor-element elementor-element-a1e3d93 elementor-widget elementor-widget-text-editor\" data-id=\"a1e3d93\" data-element_type=\"widget\" data-widget_type=\"text-editor.default\">\n\t\t\t\t<div class=\"elementor-widget-container\">\n\t\t\t\t\t\t\t\t\t<p>We analyse your needs to offer you the best transport option, clearly and without obligation.<\/p>\t\t\t\t\t\t\t\t<\/div>\n\t\t\t\t<\/div>\n\t\t\t\t<\/div>\n\t\t\t\t\t<\/div>\n\t\t\t\t<\/div>\n\t\t<div class=\"elementor-element elementor-element-297e3c9 e-flex e-con-boxed e-con e-parent\" data-id=\"297e3c9\" data-element_type=\"container\">\n\t\t\t\t\t<div class=\"e-con-inner\">\n\t\t<div class=\"elementor-element elementor-element-9551df8 e-con-full e-flex e-con e-child\" data-id=\"9551df8\" data-element_type=\"container\">\n\t\t<div class=\"elementor-element elementor-element-7a0c232 e-con-full e-flex e-con e-child\" data-id=\"7a0c232\" data-element_type=\"container\" data-settings=\"{&quot;background_background&quot;:&quot;classic&quot;}\">\n\t\t\t\t<\/div>\n\t\t<div class=\"elementor-element elementor-element-572b477 e-con-full e-flex e-con e-child\" data-id=\"572b477\" data-element_type=\"container\">\n\t\t\t\t<div class=\"elementor-element elementor-element-cd11842 elementor-widget elementor-widget-heading\" data-id=\"cd11842\" data-element_type=\"widget\" data-widget_type=\"heading.default\">\n\t\t\t\t<div class=\"elementor-widget-container\">\n\t\t\t\t\t<h2 class=\"elementor-heading-title elementor-size-default\">QUOTATION FORM<\/h2>\t\t\t\t<\/div>\n\t\t\t\t<\/div>\n\t\t\t\t<div class=\"elementor-element elementor-element-3d2bb36 elementor-button-align-end elementor-tablet-button-align-end elementor-mobile-button-align-stretch elementor-widget elementor-widget-form\" data-id=\"3d2bb36\" data-element_type=\"widget\" data-settings=\"{&quot;step_next_label&quot;:&quot;Next&quot;,&quot;step_previous_label&quot;:&quot;Previous&quot;,&quot;button_width&quot;:&quot;100&quot;,&quot;step_type&quot;:&quot;number_text&quot;,&quot;step_icon_shape&quot;:&quot;circle&quot;}\" data-widget_type=\"form.default\">\n\t\t\t\t<div class=\"elementor-widget-container\">\n\t\t\t\t\t\t\t<form class=\"elementor-form\" method=\"post\" name=\"New Form\" aria-label=\"New Form\" action=\"\">\n\t\t\t<input type=\"hidden\" name=\"post_id\" value=\"940\"\/>\n\t\t\t<input type=\"hidden\" name=\"form_id\" value=\"3d2bb36\"\/>\n\t\t\t<input type=\"hidden\" name=\"referer_title\" value=\"Presupuesto - Autobuses Goco Tour\" \/>\n\n\t\t\t\t\t\t\t<input type=\"hidden\" name=\"queried_id\" value=\"940\"\/>\n\t\t\t\n\t\t\t<div class=\"elementor-form-fields-wrapper elementor-labels-\">\n\t\t\t\t\t\t\t\t<div class=\"elementor-field-type-text elementor-field-group elementor-column elementor-field-group-name elementor-col-50 elementor-field-required\">\n\t\t\t\t\t\t\t\t\t\t\t\t<label for=\"form-field-name\" class=\"elementor-field-label elementor-screen-only\">\n\t\t\t\t\t\t\t\tClient \/ Company\t\t\t\t\t\t\t<\/label>\n\t\t\t\t\t\t\t\t\t\t\t\t\t\t<input size=\"1\" type=\"text\" name=\"form_fields[name]\" id=\"form-field-name\" class=\"elementor-field elementor-size-md  elementor-field-textual\" placeholder=\"Client \/ Company\" required=\"required\">\n\t\t\t\t\t\t\t\t\t\t\t<\/div>\n\t\t\t\t\t\t\t\t<div class=\"elementor-field-type-text elementor-field-group elementor-column elementor-field-group-field_6e71188 elementor-col-50 elementor-field-required\">\n\t\t\t\t\t\t\t\t\t\t\t\t<label for=\"form-field-field_6e71188\" class=\"elementor-field-label elementor-screen-only\">\n\t\t\t\t\t\t\t\tPopulation\t\t\t\t\t\t\t<\/label>\n\t\t\t\t\t\t\t\t\t\t\t\t\t\t<input size=\"1\" type=\"text\" name=\"form_fields[field_6e71188]\" id=\"form-field-field_6e71188\" class=\"elementor-field elementor-size-md  elementor-field-textual\" placeholder=\"Population\" required=\"required\">\n\t\t\t\t\t\t\t\t\t\t\t<\/div>\n\t\t\t\t\t\t\t\t<div class=\"elementor-field-type-email elementor-field-group elementor-column elementor-field-group-email elementor-col-50 elementor-field-required\">\n\t\t\t\t\t\t\t\t\t\t\t\t<label for=\"form-field-email\" class=\"elementor-field-label elementor-screen-only\">\n\t\t\t\t\t\t\t\tEmail\t\t\t\t\t\t\t<\/label>\n\t\t\t\t\t\t\t\t\t\t\t\t\t\t<input size=\"1\" type=\"email\" name=\"form_fields[email]\" id=\"form-field-email\" class=\"elementor-field elementor-size-md  elementor-field-textual\" placeholder=\"Email\" required=\"required\">\n\t\t\t\t\t\t\t\t\t\t\t<\/div>\n\t\t\t\t\t\t\t\t<div class=\"elementor-field-type-tel elementor-field-group elementor-column elementor-field-group-field_2ddce2c elementor-col-50 elementor-field-required\">\n\t\t\t\t\t\t\t\t\t\t\t\t<label for=\"form-field-field_2ddce2c\" class=\"elementor-field-label elementor-screen-only\">\n\t\t\t\t\t\t\t\tTelephone\t\t\t\t\t\t\t<\/label>\n\t\t\t\t\t\t\t\t<input size=\"1\" type=\"tel\" name=\"form_fields[field_2ddce2c]\" id=\"form-field-field_2ddce2c\" class=\"elementor-field elementor-size-md  elementor-field-textual\" placeholder=\"Telephone\" required=\"required\" pattern=\"[0-9()#&amp;+*-=.]+\" title=\"Only numbers and telephone characters (#,-,*,etc) are accepted.\">\n\n\t\t\t\t\t\t<\/div>\n\t\t\t\t\t\t\t\t<div class=\"elementor-field-type-text elementor-field-group elementor-column elementor-field-group-field_c490c9e elementor-col-100\">\n\t\t\t\t\t\t\t\t\t\t\t\t<label for=\"form-field-field_c490c9e\" class=\"elementor-field-label elementor-screen-only\">\n\t\t\t\t\t\t\t\tFax\t\t\t\t\t\t\t<\/label>\n\t\t\t\t\t\t\t\t\t\t\t\t\t\t<input size=\"1\" type=\"text\" name=\"form_fields[field_c490c9e]\" id=\"form-field-field_c490c9e\" class=\"elementor-field elementor-size-md  elementor-field-textual\" placeholder=\"Fax\">\n\t\t\t\t\t\t\t\t\t\t\t<\/div>\n\t\t\t\t\t\t\t\t<div class=\"elementor-field-type-number elementor-field-group elementor-column elementor-field-group-field_c7c6738 elementor-col-100 elementor-field-required\">\n\t\t\t\t\t\t\t\t\t\t\t\t<label for=\"form-field-field_c7c6738\" class=\"elementor-field-label elementor-screen-only\">\n\t\t\t\t\t\t\t\tNumber of persons\t\t\t\t\t\t\t<\/label>\n\t\t\t\t\t\t\t\t\t<input type=\"number\" name=\"form_fields[field_c7c6738]\" id=\"form-field-field_c7c6738\" class=\"elementor-field elementor-size-md  elementor-field-textual\" placeholder=\"Number of persons\" required=\"required\" min=\"\" max=\"\" >\n\t\t\t\t\t\t<\/div>\n\t\t\t\t\t\t\t\t<div class=\"elementor-field-type-date elementor-field-group elementor-column elementor-field-group-field_c4b2b19 elementor-col-100\">\n\t\t\t\t\t\t\t\t\t\t\t\t<label for=\"form-field-field_c4b2b19\" class=\"elementor-field-label elementor-screen-only\">\n\t\t\t\t\t\t\t\tDate of service\t\t\t\t\t\t\t<\/label>\n\t\t\t\t\t\t\n\t\t<input type=\"date\" name=\"form_fields[field_c4b2b19]\" id=\"form-field-field_c4b2b19\" class=\"elementor-field elementor-size-md  elementor-field-textual elementor-date-field\" placeholder=\"Date of service\" pattern=\"[0-9]{4}-[0-9]{2}-[0-9]{2}\">\n\t\t\t\t\t\t<\/div>\n\t\t\t\t\t\t\t\t<div class=\"elementor-field-type-textarea elementor-field-group elementor-column elementor-field-group-field_d677c4d elementor-col-100\">\n\t\t\t\t\t\t\t\t\t\t\t\t<label for=\"form-field-field_d677c4d\" class=\"elementor-field-label elementor-screen-only\">\n\t\t\t\t\t\t\t\tItinerary\t\t\t\t\t\t\t<\/label>\n\t\t\t\t\t\t<textarea class=\"elementor-field-textual elementor-field  elementor-size-md\" name=\"form_fields[field_d677c4d]\" id=\"form-field-field_d677c4d\" rows=\"10\" placeholder=\"Itinerary\"><\/textarea>\t\t\t\t<\/div>\n\t\t\t\t\t\t\t\t<div class=\"elementor-field-type-textarea elementor-field-group elementor-column elementor-field-group-message elementor-col-100\">\n\t\t\t\t\t\t\t\t\t\t\t\t<label for=\"form-field-message\" class=\"elementor-field-label elementor-screen-only\">\n\t\t\t\t\t\t\t\tRemarks\t\t\t\t\t\t\t<\/label>\n\t\t\t\t\t\t<textarea class=\"elementor-field-textual elementor-field  elementor-size-md\" name=\"form_fields[message]\" id=\"form-field-message\" rows=\"5\" placeholder=\"Remarks\"><\/textarea>\t\t\t\t<\/div>\n\t\t\t\t\t\t\t\t<div class=\"elementor-field-type-text\">\n\t\t\t\t\t<input size=\"1\" type=\"text\" name=\"form_fields[field_a8c4109]\" id=\"form-field-field_a8c4109\" class=\"elementor-field elementor-size-md\" style=\"display:none !important;\">\t\t\t\t<\/div>\n\t\t\t\t\t\t\t\t<div class=\"elementor-field-type-recaptcha elementor-field-group elementor-column elementor-field-group-field_5d22a3e elementor-col-100\">\n\t\t\t\t\t<div class=\"elementor-field\" id=\"form-field-field_5d22a3e\"><div class=\"elementor-g-recaptcha\" data-sitekey=\"6Lf0NnEsAAAAABDU2gulthjGNlfPGWqsVtmUgHYb\" data-type=\"v2_checkbox\" data-theme=\"light\" data-size=\"normal\"><\/div><\/div>\t\t\t\t<\/div>\n\t\t\t\t\t\t\t\t<div class=\"elementor-field-group elementor-column elementor-field-type-submit elementor-col-100 e-form__buttons\">\n\t\t\t\t\t<button class=\"elementor-button elementor-size-sm\" type=\"submit\">\n\t\t\t\t\t\t<span class=\"elementor-button-content-wrapper\">\n\t\t\t\t\t\t\t\t\t\t\t\t\t\t\t\t\t\t\t\t\t\t<span class=\"elementor-button-text\">Send<\/span>\n\t\t\t\t\t\t\t\t\t\t\t\t\t<\/span>\n\t\t\t\t\t<\/button>\n\t\t\t\t<\/div>\n\t\t\t<\/div>\n\t\t<input type=\"hidden\" name=\"trp-form-language\" value=\"en\"\/><\/form>\n\t\t\t\t\t\t<\/div>\n\t\t\t\t<\/div>\n\t\t<div class=\"elementor-element elementor-element-14383ab e-con-full e-flex e-con e-child\" data-id=\"14383ab\" data-element_type=\"container\">\n\t\t<div class=\"elementor-element elementor-element-b673484 e-con-full e-flex e-con e-child\" data-id=\"b673484\" data-element_type=\"container\">\n\t\t\t\t<div class=\"elementor-element elementor-element-b3674e2 elementor-widget elementor-widget-heading\" data-id=\"b3674e2\" data-element_type=\"widget\" data-widget_type=\"heading.default\">\n\t\t\t\t<div class=\"elementor-widget-container\">\n\t\t\t\t\t<p class=\"elementor-heading-title elementor-size-default\"><a href=\"mailto:info@starianconsulting.com\">gocotour@gocotour.com<\/a><\/p>\t\t\t\t<\/div>\n\t\t\t\t<\/div>\n\t\t\t\t<\/div>\n\t\t<div class=\"elementor-element elementor-element-010f3c0 e-con-full e-flex e-con e-child\" data-id=\"010f3c0\" data-element_type=\"container\">\n\t\t\t\t<div class=\"elementor-element elementor-element-7491bda elementor-widget elementor-widget-text-editor\" data-id=\"7491bda\" data-element_type=\"widget\" data-widget_type=\"text-editor.default\">\n\t\t\t\t<div class=\"elementor-widget-container\">\n\t\t\t\t\t\t\t\t\t<p>Barrio Arregi Pol\u00edgono C\u00f3ndor Edificio C, 43240 Amorebieta<\/p>\t\t\t\t\t\t\t\t<\/div>\n\t\t\t\t<\/div>\n\t\t\t\t<\/div>\n\t\t<div class=\"elementor-element elementor-element-b7f0577 e-con-full e-flex e-con e-child\" data-id=\"b7f0577\" data-element_type=\"container\">\n\t\t\t\t<div class=\"elementor-element elementor-element-e16fa3c elementor-widget elementor-widget-text-editor\" data-id=\"e16fa3c\" data-element_type=\"widget\" data-widget_type=\"text-editor.default\">\n\t\t\t\t<div class=\"elementor-widget-container\">\n\t\t\t\t\t\t\t\t\t<p>Tel: 94 630 82 50<\/p><p>Fax: 94 630 85 10<\/p><p>24h: 609 44 39 33<\/p>\t\t\t\t\t\t\t\t<\/div>\n\t\t\t\t<\/div>\n\t\t\t\t<\/div>\n\t\t\t\t<\/div>\n\t\t\t\t<\/div>\n\t\t\t\t<\/div>\n\t\t\t\t\t<\/div>\n\t\t\t\t<\/div>\n\t\t\t\t<\/div>","protected":false},"excerpt":{"rendered":"<p>Solicita tu presupuesto Analizamos tus necesidades para ofrecerte la mejor opci\u00f3n de transporte, de forma clara y sin compromiso. FORMULARIO DE PRESUPUESTO gocotour@gocotour.com Barrio Arregi Pol\u00edgono C\u00f3ndor Edificio C, 43240 Amorebieta Tel: 94 630 82 50 Fax: 94 630 85 10 24h: 609 44 39 33<\/p>","protected":false},"author":3,"featured_media":0,"parent":0,"menu_order":0,"comment_status":"closed","ping_status":"closed","template":"","meta":{"footnotes":""},"class_list":["post-940","page","type-page","status-publish","hentry"],"_links":{"self":[{"href":"https:\/\/gocotour.es\/en\/wp-json\/wp\/v2\/pages\/940","targetHints":{"allow":["GET"]}}],"collection":[{"href":"https:\/\/gocotour.es\/en\/wp-json\/wp\/v2\/pages"}],"about":[{"href":"https:\/\/gocotour.es\/en\/wp-json\/wp\/v2\/types\/page"}],"author":[{"embeddable":true,"href":"https:\/\/gocotour.es\/en\/wp-json\/wp\/v2\/users\/3"}],"replies":[{"embeddable":true,"href":"https:\/\/gocotour.es\/en\/wp-json\/wp\/v2\/comments?post=940"}],"version-history":[{"count":32,"href":"https:\/\/gocotour.es\/en\/wp-json\/wp\/v2\/pages\/940\/revisions"}],"predecessor-version":[{"id":1075,"href":"https:\/\/gocotour.es\/en\/wp-json\/wp\/v2\/pages\/940\/revisions\/1075"}],"wp:attachment":[{"href":"https:\/\/gocotour.es\/en\/wp-json\/wp\/v2\/media?parent=940"}],"curies":[{"name":"wp","href":"https:\/\/api.w.org\/{rel}","templated":true}]}}